{"id":74,"date":"2016-10-10T19:10:54","date_gmt":"2016-10-10T19:10:54","guid":{"rendered":"http:\/\/www.citicolumbia.org\/?page_id=74"},"modified":"2021-03-23T19:59:57","modified_gmt":"2021-03-23T19:59:57","slug":"books","status":"publish","type":"page","link":"http:\/\/www.citicolumbia.org\/index.php\/publications\/books\/","title":{"rendered":"Books"},"content":{"rendered":"<h1 style=\"text-align: center;\">Books Produced by Members of the Columbia Institute for Tele-Information<\/h1>\n<h2>2021<\/h2>\n<h1 style=\"text-align: center;\"><\/h1>\n<p><a href=\"https:\/\/www.e-elgar.com\/shop\/usd\/the-technology-business-and-economics-of-streaming-video-9781800375031.html\"><img loading=\"lazy\" class=\"wp-image-1089 alignleft\" src=\"http:\/\/www.citicolumbia.org\/wp-content\/uploads\/2021\/03\/9781800375031-197x300.jpeg\" alt=\"\" width=\"70\" height=\"107\" srcset=\"http:\/\/www.citicolumbia.org\/wp-content\/uploads\/2021\/03\/9781800375031-197x300.jpeg 197w, http:\/\/www.citicolumbia.org\/wp-content\/uploads\/2021\/03\/9781800375031.jpeg 200w\" sizes=\"(max-width: 70px) 100vw, 70px\" \/><\/a><\/p>\n<p>&nbsp;<\/p>\n<p><a href=\"https:\/\/www.e-elgar.com\/shop\/usd\/the-technology-business-and-economics-of-streaming-video-9781800375031.html\">The Technology, Business, and Economics of Streaming Video: The Next Generation of Media Emerges<\/a> Noam, Eli M. Edward Elgar<\/p>\n<p>&nbsp;<\/p>\n<p><a href=\"https:\/\/www.e-elgar.com\/shop\/usd\/catalog\/product\/view\/id\/16866\/s\/the-content-impact-and-regulation-of-streaming-video-9781800375017\/\"><img loading=\"lazy\" class=\"wp-image-1088 alignleft\" src=\"http:\/\/www.citicolumbia.org\/wp-content\/uploads\/2021\/03\/9781800375017-197x300.jpeg\" alt=\"\" width=\"70\" height=\"106\" srcset=\"http:\/\/www.citicolumbia.org\/wp-content\/uploads\/2021\/03\/9781800375017-197x300.jpeg 197w, http:\/\/www.citicolumbia.org\/wp-content\/uploads\/2021\/03\/9781800375017.jpeg 200w\" sizes=\"(max-width: 70px) 100vw, 70px\" \/><\/a><\/p>\n<p>&nbsp;<\/p>\n<p><a href=\"https:\/\/www.e-elgar.com\/shop\/usd\/catalog\/product\/view\/id\/16866\/s\/the-content-impact-and-regulation-of-streaming-video-9781800375017\/\">The Content, Impact, and Regulation of Streaming Video: The Next Generation of Media Emerges<\/a>\u00a0Noam, Eli M. Edward Elgar<\/p>\n<h2><\/h2>\n<h2>2019<\/h2>\n<p><a href=\"https:\/\/www.palgrave.com\/us\/book\/9783319713458\"><img loading=\"lazy\" class=\"alignnone wp-image-642 alignleft\" src=\"http:\/\/www.citicolumbia.org\/wp-content\/uploads\/2020\/09\/61lA9hx30eL-205x300.jpg\" alt=\"\" width=\"73\" height=\"107\" srcset=\"http:\/\/www.citicolumbia.org\/wp-content\/uploads\/2020\/09\/61lA9hx30eL-205x300.jpg 205w, http:\/\/www.citicolumbia.org\/wp-content\/uploads\/2020\/09\/61lA9hx30eL-701x1024.jpg 701w, http:\/\/www.citicolumbia.org\/wp-content\/uploads\/2020\/09\/61lA9hx30eL-768x1122.jpg 768w, http:\/\/www.citicolumbia.org\/wp-content\/uploads\/2020\/09\/61lA9hx30eL.jpg 827w\" sizes=\"(max-width: 73px) 100vw, 73px\" \/><\/a><\/p>\n<p>&nbsp;<\/p>\n<p><a href=\"https:\/\/www.palgrave.com\/us\/book\/9783319713458\">Media and Digital Management<\/a>\u00a0Noam, Eli M. Palgrave<\/p>\n<p>&nbsp;<\/p>\n<p><a href=\"https:\/\/www.palgrave.com\/us\/book\/9783319713458\"><img loading=\"lazy\" class=\"wp-image-643 alignleft\" src=\"http:\/\/www.citicolumbia.org\/wp-content\/uploads\/2020\/09\/s-l1600-2-226x300.jpg\" alt=\"\" width=\"75\" height=\"99\" srcset=\"http:\/\/www.citicolumbia.org\/wp-content\/uploads\/2020\/09\/s-l1600-2-226x300.jpg 226w, http:\/\/www.citicolumbia.org\/wp-content\/uploads\/2020\/09\/s-l1600-2.jpg 293w\" sizes=\"(max-width: 75px) 100vw, 75px\" \/><\/a><\/p>\n<p>&nbsp;<\/p>\n<p><a href=\"https:\/\/www.palgrave.com\/us\/book\/9783319712871\">Managing Media and Digital Organizations<\/a> Noam, Eli M. Palgrave<\/p>\n<h2><\/h2>\n<h2><\/h2>\n<h2>2018<\/h2>\n<p><a href=\"https:\/\/www.palgrave.com\/us\/book\/9783319770468\"><img loading=\"lazy\" class=\"wp-image-1118 alignleft\" src=\"http:\/\/www.citicolumbia.org\/wp-content\/uploads\/2021\/03\/9783319770468.tif\" alt=\"\" width=\"79\" height=\"120\" \/><\/a><\/p>\n<p>&nbsp;<\/p>\n<p><a href=\"https:\/\/www.palgrave.com\/us\/book\/9783319770468\">Digitized Labor<\/a>. Noam, Eli M., Lorenzo Pupillo &amp; Leonard Waverman. Palgrave.<\/p>\n<p>&nbsp;<\/p>\n<p><img loading=\"lazy\" class=\"wp-image-1120 alignleft\" src=\"http:\/\/www.citicolumbia.org\/wp-content\/uploads\/2021\/03\/9780815360582-200x300.jpg\" alt=\"\" width=\"83\" height=\"125\" srcset=\"http:\/\/www.citicolumbia.org\/wp-content\/uploads\/2021\/03\/9780815360582-200x300.jpg 200w, http:\/\/www.citicolumbia.org\/wp-content\/uploads\/2021\/03\/9780815360582.jpg 284w\" sizes=\"(max-width: 83px) 100vw, 83px\" \/><\/p>\n<p>&nbsp;<\/p>\n<p><a href=\"https:\/\/www.taylorfrancis.com\/books\/e\/9781351115704\">The Telecommunications Revolution: Past, Present and Future<\/a>\u00a0Eds. Sapolsky, Harvey M., Rhonda J. Crane, W. Russell Neuman, &amp; Eli M. Noam<\/p>\n<h2><\/h2>\n<h2>2016<\/h2>\n<p><a href=\"https:\/\/global.oup.com\/academic\/product\/who-owns-the-worlds-media-9780199987238?cc=us&amp;lang=en&amp;\"><img loading=\"lazy\" class=\"wp-image-501 alignleft\" src=\"http:\/\/www.citicolumbia.org\/wp-content\/uploads\/2017\/11\/whoowns.jpg\" alt=\"\" width=\"87\" height=\"124\" \/><\/a><\/p>\n<p>&nbsp;<\/p>\n<p><a href=\"https:\/\/global.oup.com\/academic\/product\/who-owns-the-worlds-media-9780199987238?cc=us&amp;lang=en&amp;\">Who Owns the World&#8217;s Media?<\/a> Noam, Eli M. New York: Oxford University Press<\/p>\n<h2><\/h2>\n<h2>2015<\/h2>\n<ul>\n<li><a href=\"https:\/\/www.cepal.org\/es\/publicaciones\/38916-ecosistema-la-economia-digital-america-latina\">El ecosistema y la economia digital en Am\u00e9rica Latina.<\/a> Katz, Raul L. Madrid: Ariel<\/li>\n<\/ul>\n<h2>2014<\/h2>\n<ul>\n<li><a href=\"http:\/\/www.springer.com\/us\/book\/9783319036168\">Broadband as a Video Platform.<\/a> \u00a0O&#8217;Neil, Judith, Eli Noam, and Darcy Gerbarg, eds., New York: Springer<\/li>\n<li><a href=\"http:\/\/www.springer.com\/us\/book\/9781461479925#aboutBook\">Demand for Communications Services &#8211; Insights and Perspectives: Essays in Honor of Lester D. Taylor<\/a>. \u00a0Alleman, James, Aine Marie Patrica NiSh\u00failleabh\u00e1in, and Paul N. Rappoport, eds. New York: Springer<\/li>\n<li><a href=\"https:\/\/www.mediaxxi.com\/loja\/media-industry-dynamics-2\/?lang=en\">Media Industry Dynamics<\/a>. Faustino, Paulo, Eli Noam, Christian Scholz, and John Levine, eds., Lisbon: Media XXI<\/li>\n<li><a href=\"https:\/\/www.mediaxxi.com\/loja\/the-business-of-media-change-and-challenges-2\/?lang=en\">The Business of Media: Change and Challenges<\/a>. \u00a0Herrero, M\u00f3nica and Steve Wildman, eds. Lisbon: Media XXI<\/li>\n<li><a href=\"https:\/\/www.springer.com\/gp\/book\/9783319071961\">Driving Demand for Broadband Networks and Services.<\/a> Katz, Raul L. &amp; Taylor Berry. London: Springer<\/li>\n<\/ul>\n<h2>2013<\/h2>\n<ul>\n<li><a href=\"https:\/\/www.fordhampress.com\/9780823251841\/beyond-broadband-access\/\">Beyond Broadband Access: Developing Data-Based Information Policy Strategies<\/a>. \u00a0Taylor, Richard D. and Amit M. Schejter, eds. New York: Fordham University Press<\/li>\n<\/ul>\n<h2>2012<\/h2>\n<ul>\n<li><i><a href=\"http:\/\/www.amazon.com\/Broadband-Networks-Smart-Climate-Change\/dp\/1461452651\/ref=sr_1_1?s=books&amp;ie=UTF8&amp;qid=1382465781&amp;sr=1-1&amp;keywords=smart+grids+eli+noam\" target=\"_blank\" rel=\"noopener noreferrer\">Broadband Networks, Smart Grids and Climate Change<\/a><\/i>, Noam, Eli, Johann Kranz, and Lorenzo Pupillo, eds., New York: Springer<\/li>\n<\/ul>\n<h2>2010<\/h2>\n<ul>\n<li><a href=\"http:\/\/www.ibs.it\/code\/9788823842595\/de-massis-alfredo\/direct-insurance-italia.html\"><i>Il direct insurance in Italia. Trend di mercato, modelli di business e strategie competitive<\/i><\/a>\u00a0(Direct insurance in Italy: Market trends, business models and competitive strategies) &#8211; Luca Turba (CITI Visiting Scholar) (IBS,2010)<\/li>\n<li><a href=\"http:\/\/www.amazon.com\/PAPEL-LAS-TICS-DESARROLLO-Spanish\/dp\/8408085123\/ref=sr_1_1?s=books&amp;ie=UTF8&amp;qid=1354223416&amp;sr=1-1&amp;keywords=8408085123\"><i>El Papel de las Tic en el Desarrollo: Propuesta de Am\u00e9rica Latina a los retos econ\u00f3micos actuales<\/i><\/a>\u00a0(Redefining the Digital Divide: The Contribution of ICT to Economic Development in Latin America) &#8211; Raul Katz (Ariel, 2010)<\/li>\n<li><i><a href=\"http:\/\/www.amazon.com\/Transitioned-Media-Information-Communication-Entertainment\/dp\/1441960988\" target=\"_blank\" rel=\"noopener noreferrer\">Transitioned Media: A Turning Point into the Digital Realm<\/a><\/i>,Gali Einav, Springer<\/li>\n<\/ul>\n<h2>2009<\/h2>\n<ul>\n<li><a href=\"http:\/\/www.citicolumbia.org\/citi\/news\/item\/727689\/Introducing+the+New+Book+by+Eli+Noam%3A+Media+Ownership+and+Concentration+in+America\"><i>Media Ownership and Concentration in America<\/i><\/a>\u00a0&#8211; Eli Noam (Oxford, 2009). Awarded &#8220;Best Book of the Year in Media Economics&#8221; by the\u00a0<span style=\"font-size: inherit;\">Media Management, <\/span><span style=\"font-size: inherit;\">Economics<\/span><span style=\"font-size: inherit;\"> &amp; Entrepreneurship\u00a0<\/span><span style=\"font-size: inherit;\">division of AEJMC<\/span><\/li>\n<li><em><span style=\"font-size: inherit;\">El papel de las TIC en el Desarrollo: propuesta de Am\u00e9rica Latina a los\u00a0<\/span><\/em><span style=\"font-size: inherit;\"><em>Retos Econ\u00f3micos Actuales.<\/em> Katz, Raul L. Madrid: Ariel<\/span>\n<div class=\"page\" title=\"Page 3\">\n<div class=\"layoutArea\">\n<div class=\"column\"><\/div>\n<\/div>\n<\/div>\n<\/li>\n<\/ul>\n<h2>2008<\/h2>\n<ul>\n<li><a href=\"http:\/\/www.citicolumbia.org\/citi\/news\/item\/727691\/The+Economics%2C+Policy%2C+and+Culture+of+Today%27s+New+Mass+Medium+in+Eli+Noam%27s+New+Book%3A+Peer-to-Peer+Video\"><i>Peer-to-Peer Video<\/i><\/a><i>:\u00a0The Economics, Policy, and Culture of Today&#8217;s New Mass Medium\u00a0<\/i>&#8211; Noam, Eli M.; Pupillo, Lorenzo Maria (Eds.) (Springer, 2008)<\/li>\n<li><a href=\"http:\/\/www.springer.com\/business\/media+management\/book\/978-0-387-76449-8\"><i>The Economics, Policy, and Culture of Today&#8217;s New Mass Medium<\/i><\/a>, Eli Noam and Lorenzo Pupillo, eds (Springer, 2008).<\/li>\n<li><a href=\"http:\/\/www.amazon.com\/Television-Economics-Information-Communication-Entertainment\/dp\/038779977X\"><i>Television Goes Digital<\/i><\/a>\u00a0&#8211; Darcy Gerbarg (Springer, 2008)<\/li>\n<\/ul>\n<h2>2006<\/h2>\n<ul>\n<li><a href=\"http:\/\/www.amazon.com\/Mobile-Media-Wireless-Communcations-Institute\/dp\/0805858806\"><i>Mobile Media Content and Services for Wireless Communications<\/i><\/a>, Jo Groebel, Eli Noam and Valerie Feldman, eds (Erlbaum, 2006).<\/li>\n<li><a href=\"http:\/\/www.amazon.com\/Confessions-Wall-Street-Analyst-Information\/dp\/0060747692\"><i>Confessions of a Wall Street Analyst: A True Story of Inside Information and Corruption in the Stock Market<\/i><\/a>, Dan Reingold (HarperCollins, 2006).<\/li>\n<\/ul>\n<h2>2005<\/h2>\n<ul>\n<li><a href=\"http:\/\/www.amazon.com\/Mobile-Revolution-Making-Services-Worldwide\/dp\/0749448504\/\"><i>The Mobile Revolution<\/i><\/a>, Dan Steinbock (Kogan Page Stylus, 2005).<\/li>\n<li><em>The Telecommunications Meltdown<\/em>\u00a0(in Japanese), Eli Noam, Thomas Hazlett, Lawrence Lessig, and Richard Epstein (NTT Publishing Company, 2005).<\/li>\n<li><a href=\"http:\/\/www.amazon.ca\/Leveraging-Mobile-Media-Cross-Media-Communication\/dp\/3790815756\/\"><i>Leveraging Mobile Media: Cross-Media Strategy and Innovation Policy for Mobile Media Communication<\/i><\/a>, Valerie Feldman (Physica-Verlag, 2005).<\/li>\n<\/ul>\n<h2>2004<\/h2>\n<ul>\n<li><a href=\"http:\/\/www.amazon.com\/Internet-Television-European-Institute-Media\/dp\/0805843051\/\"><i>Internet Television<\/i><\/a>, Eli Noam, Jo Groebel, Darcy Gerbarg, eds (Erlbaum, 2004).<\/li>\n<\/ul>\n<h2>2003<\/h2>\n<ul>\n<li><a href=\"http:\/\/www.amazon.com\/Competition-Mobile-Internet-Dan-Steinbock\/dp\/140207056X\/\"><i>Competition for the Mobile Internet<\/i><\/a>, Dan Steinbock and Eli Noam (Artech, 2003).<\/li>\n<li><i>After the Spectrum Frontier<\/i>, David Salant, ed.<\/li>\n<li><a href=\"http:\/\/www.amazon.com\/Crisis-Communications-Lessons-September-11\/dp\/0742525430\/\"><i>Crisis Communications: Lessons from September 11<\/i><\/a>, A. Michael Noll (Rowman Littlefield, 2003).<\/li>\n<\/ul>\n<h2>2001<\/h2>\n<ul>\n<li><a href=\"http:\/\/www.amazon.com\/Interconnecting-Network-Networks-Eli-Noam\/dp\/0262140721\/\"><i>Interconnecting the Network of Networks<\/i><\/a>, Eli Noam (MIT Press, 2001).<\/li>\n<li><a href=\"http:\/\/www.amazon.com\/Principles-Communications-Technology-Telecommunications-Library\/dp\/1580532845\/\"><i>Principles of Modern Communications Technology<\/i><\/a>, A. Michael Noll (Artech House, 2001).<\/li>\n<\/ul>\n<h2>1999<\/h2>\n<ul>\n<li><a href=\"http:\/\/www.amazon.com\/Economics-Technology-Content-Digital-Innovation\/dp\/0792383257\/\"><i>The Economics, Technology and Content of Digital TV<\/i><\/a>, Darcy Derbarg (Kluwer Academic Publishers, 1999).<\/li>\n<li><a href=\"http:\/\/www.amazon.com\/Public-Television-America-Eli-Noam\/dp\/3892043884\/\"><i>Public Television in America<\/i><\/a>, Eli Noam &amp; Jens Walterman (Bertelsman Stiftung, 1999).<\/li>\n<li><a href=\"http:\/\/www.amazon.com\/Investment-Implication-Telecommunications-Economics-Regulatory\/dp\/0792377346\/\"><i>The New Investment Theory of Real Options and its Implication for Telecommunications Economics<\/i><\/a>, James Alleman and Eli Noam (Kluwer Academic Publishers, 1999).<\/li>\n<\/ul>\n<h2>1998<\/h2>\n<ul>\n<li><a href=\"http:\/\/www.amazon.com\/Opening-Networks-Competition-David-Gabel\/dp\/0792380193\/\"><i>Opening Networks to Competition: The Regulation and Pricing of Access<\/i><\/a>, David Gabel and David F. Weiman (Kluwer Academic Publishers, 1998).<\/li>\n<li><a href=\"http:\/\/www.amazon.com\/Telecommunications-Communications-Columbia-Institute-Tele-Information\/dp\/0195102010\/\"><i>Telecommunications in Africa<\/i><\/a>, Eli M. Noam (Oxford University Press, 1998).<\/li>\n<li><a href=\"http:\/\/www.amazon.com\/V-chip-Debate-Filtering-Television-Communication\/dp\/0805830626\/\"><i>The V-Chip Debate: Content Filtering from Television to the Internet<\/i><\/a>, Monroe Price (Erlbaum, 1998)<\/li>\n<\/ul>\n<h2>1997<\/h2>\n<ul>\n<li><a href=\"http:\/\/www.amazon.com\/Advances-Industrial-Labor-Relations-14\/dp\/0762312653\/\"><i>Employment Problems in an Information Age in &#8220;Advances in Industrial Labor Relations&#8221;<\/i><\/a>, David Lewin, David Lipskey and Donna Sockell (JAI Press, Vol. IV, 1997).<\/li>\n<li><a href=\"http:\/\/www.amazon.com\/Globalism-Localism-Telecommunications-E-M-Noam\/dp\/0444823824\/\"><i>Globalism and Localism in Telecommunications<\/i><\/a>, Eli M. Noam and A. J. Wolfson (Elsevier Science Publishers, 1997).<\/li>\n<li><a href=\"http:\/\/www.amazon.com\/Highway-Dreams-Information-Superhighway-Telecommunications\/dp\/0805825576\/\"><i>Highway of Dreams: A Critical View Along the Information Superhighway<\/i><\/a>, A. Michael Noll (Erlbaum, 1997).<\/li>\n<li><a href=\"http:\/\/www.amazon.com\/Telecommunications-Latin-America-Global-Communications\/dp\/0195102002\/\"><i>Telecommunications in Latin America<\/i><\/a>, Eli M. Noam (Oxford University Press, 1997).<\/li>\n<li><a href=\"http:\/\/www.amazon.com\/Telecommunications-Western-Middle-Global-Communications\/dp\/0195102029\/\"><i>Telecommunications in Western Asia and the Middle East<\/i><\/a>, Eli M. Noam (Oxford University Press, 1997).<\/li>\n<\/ul>\n<h2>1996<\/h2>\n<ul>\n<li><a href=\"http:\/\/www.amazon.com\/Information-Superhighways-Revisited-Multimedia-Telecommunications\/dp\/0890069034\/\"><i>Information Superhighways Revisited: The Economics of Multimedia<\/i><\/a>, Bruce L. Egan (Artech House, 1996).<\/li>\n<li><i>Cyber-TV: Thesen Zur Dritten Fernseh Revolution<\/i>, Eli M. Noam (Verlag Bertelsmann Stiftung).<\/li>\n<li><a href=\"http:\/\/www.amazon.com\/Private-Networks-Public-Objectives-E-M\/dp\/0444825495\/\"><i>Private Networks and Public Objectives<\/i><\/a>, Eli M. Noam &amp; Aine N\u00edSh\u00failleabh\u00e1in (Elsevier, 1996).<\/li>\n<\/ul>\n<h2>1995<\/h2>\n<ul>\n<li><a href=\"http:\/\/www.amazon.com\/American-Regulatory-Federalism-Telecommunications-Infrastructure\/dp\/0805816151\/\"><i>American Regulatory Federalism and Telecommunications Infrastructure<\/i><\/a>, Paul Teske (Erlbaum, 1995).<\/li>\n<li><a href=\"http:\/\/www.amazon.com\/Quality-Reliability-Telecommunications-Infrastructure-LEA\/dp\/0805816100\/\"><i>Quality and Reliability of Telecommunications Infrastructure<\/i><\/a>, William Lehr (Lawrence Erlbaum &amp; Associates, 1995).<\/li>\n<\/ul>\n<h2>1994<\/h2>\n<ul>\n<li><a href=\"http:\/\/www.amazon.com\/Asymmetric-Deregulation-Dynamics-Telecommunications-Policy\/dp\/156750003X\/\"><i>Asymmetric Deregulation: The Dynamics of Telecommunications Policy in Europe and the United States<\/i><\/a>, Eli M. Noam and Gerard Pogorel (Ablex, 1994).<\/li>\n<li><a href=\"http:\/\/www.amazon.com\/Telecommunications-Pacific-Basin-Communications-Tele-Information\/dp\/0195084217\/\"><i>Telecommunications in the Pacific Basin: An Evolutionary Approach<\/i><\/a>, Douglas A. Conn, Seisuke Komatsuzaki and Eli Noam (Oxford University Press, 1994).<\/li>\n<\/ul>\n<h2>1993<\/h2>\n<ul>\n<li><a href=\"http:\/\/www.amazon.com\/International-Television-Programs-Communication-Information\/dp\/0893919535\/\"><i>The International Market for Film and Television Programs<\/i><\/a>, Brenda Dervin, Joel C. Millonzi and Eli M. Noam (Ablex, 1993).<\/li>\n<li><a href=\"http:\/\/www.amazon.com\/Technologies-without-Boundaries-Telecommunications-Global\/dp\/0674872630\/\"><i>Technologies without Boundaries: On Telecommunications in a Global Age<\/i><\/a>, Ithiel de Sola Pool, edited by Eli M. Noam (Spanish Edition, Fondo del Cultura Economica, 1993; also available in Japanese, 2003).<\/li>\n<\/ul>\n<h2>1992<\/h2>\n<ul>\n<li><a href=\"http:\/\/www.amazon.com\/Japans-ISDN-Revolution-Osamu-Inoue\/dp\/0917845188\/\"><i>Japan&#8217;s ISDN Revolution<\/i><\/a>, Osamu Inoue, Tatsuo Kawasaki, Takeshi Kawauchi, Tadashi Mizuno, Eli M. Noam, Jerry Nowicki, Kent M. Takeda, Hisashi Yazawa. Introduction by Kohji Ohboshi (Intertec Publishing Corp., 1992).<\/li>\n<li><a href=\"http:\/\/www.amazon.com\/Telecommunications-Europe-Communication-Society-Noam\/dp\/0195070526\/\"><i>Telecommunications in Europe<\/i><\/a>, Eli Noam (Oxford University Press, 1992).<\/li>\n<li><a href=\"http:\/\/www.amazon.com\/Telecommunications-Revolution-Past-Present-Future\/dp\/0415067715\/\"><i>The Telecommunications Revolution: Past, Present, and Future<\/i><\/a>, Harvey M. Sapolsky, Rhonda J. Crane, W. Russel Neuman &amp; Eli M. Noam (Routledge, 1992; Japanese Translation, Japan UNI Agency, Inc., 1992).<\/li>\n<\/ul>\n<h2>1991<\/h2>\n<ul>\n<li><a href=\"http:\/\/www.amazon.com\/Television-Europe-Communication-Society-Noam\/dp\/0195069420\/\"><i>Television in Europe<\/i><\/a>, Eli Noam (Oxford University Press, 1991).<\/li>\n<li><i>After the Breakup: Assessing the New Post-AT&amp;T Divestiture Era<\/i>\u00a0, Barry G. Cole (Columbia University Press, 1991; Japanese Translation, Columbia University Press, 1991).<\/li>\n<li><a href=\"http:\/\/www.amazon.com\/Integrated-Broadband-Networks-Public-Policy\/dp\/0444890688\/\"><i>Integrated Broadband Networks: The Public Policy Issues<\/i><\/a>, Martin C. J. Elton (Elsevier, 1991).<\/li>\n<li><a href=\"http:\/\/www.amazon.com\/Incentive-Regulation-Telecommunications-Regulatory-Economics\/dp\/0792391136\/\"><i>Price Caps and Incentive Regulation in Telecommunications<\/i><\/a>, Michael A. Einhorn (Kluwer, 1991).<\/li>\n<li><a href=\"http:\/\/www.amazon.com\/Information-Superhighways-Economics-Communication-Management\/dp\/0890064741\/\"><i>Information Superhighways: The Economics of Advanced Public Communication Networks<\/i><\/a>, Bruce L. Egan (Artech House, 1991).<\/li>\n<\/ul>\n<h2>1989<\/h2>\n<ul>\n<li><a href=\"http:\/\/www.amazon.com\/Cable-TV-Advertising-Search-Formula\/dp\/0899304060\/\"><i>Cable TV Advertising: In Search of the Right Formula<\/i><\/a>, Rajeev Batra and Rashi Glazer (Greenwood Press, 1989).<\/li>\n<li><a href=\"http:\/\/www.amazon.com\/Cost-Libel-Economic-Implications-Government\/dp\/0231066929\/\"><i>The Cost of Libel: Economic and Policy Implications<\/i><\/a>, Everette E. Dennis and Eli M. Noam (Columbia University Press, 1989).<\/li>\n<li><a href=\"http:\/\/www.amazon.com\/New-Directions-Telecommunications-Information-Economic\/dp\/0822309483\/\"><i>New Directions in Telecommunications Policy<\/i><\/a>, vol. 1, Paula Newberg, ed (Durham, 1989, vol. 2, 1989).<\/li>\n<\/ul>\n<h2>1988<\/h2>\n<ul>\n<li><a href=\"http:\/\/www.amazon.com\/International-Telecommunications-United-States-Economics\/dp\/3789013080\/\"><i>Law of International Telecommunications in the United States<\/i><\/a>, Stephen R. Barnett, Michael Botein and Eli M. Noam (Nomos Verlagsgesellschaft, 1988).<\/li>\n<\/ul>\n<h2>1986<\/h2>\n<ul>\n<li><a href=\"http:\/\/www.amazon.com\/Services-Transition-Information-Technology-Service\/dp\/0887300928\/\"><i>Services in Transition: The Impact of Information Technologies on the Service Sector<\/i><\/a>, Gerard R. Faulhaber, Eli M. Noam and Roberta Tasley (Ballinger, 1986).<\/li>\n<li><a href=\"http:\/\/www.amazon.com\/Technological-Innovation-Regulation-Monetary-Economy\/dp\/0887300782\/\"><i>Technological Innovation, Regulation and the Monetary Economy<\/i><\/a>, Colin Lawrence and Robert Shay (Ballinger, 1986).<\/li>\n<li><a href=\"http:\/\/www.amazon.com\/Tracing-New-Orbits-Cooperation-Competition\/dp\/023106344X\/\"><i>Tracing New Orbits: Cooperation and Competition in Satellite Development<\/i><\/a>, Donna A. Demac (Columbia University Press, 1986).<\/li>\n<\/ul>\n<h2>1985<\/h2>\n<ul>\n<li><a href=\"http:\/\/www.amazon.ca\/Video-Media-Competition-Regulation-Technology\/dp\/023106134X\/\"><i>Video Media Competition: Regulation, Economics and Technology<\/i><\/a>, Eli M. Noam (Columbia University Press, 1985).<\/li>\n<\/ul>\n<h2>1983<\/h2>\n<ul>\n<li><a href=\"http:\/\/www.amazon.com\/Telecommunications-Regulation-Today-Tomorrow-Noam\/dp\/0150042949\/\"><i>Telecommunications Regulation: Today and Tomorrow<\/i><\/a>, Eli M. Noam (Harcourt Brace Jovanovich, 1983).<\/li>\n<\/ul>\n","protected":false},"excerpt":{"rendered":"<p>Books Produced by Members of the Columbia Institute for Tele-Information 2021 &nbsp; The Technology, Business, and Economics of Streaming Video: The Next Generation of Media Emerges Noam, Eli M. Edward Elgar &nbsp; &nbsp; The Content, Impact, and Regulation of Streaming Video: The Next Generation of Media Emerges\u00a0Noam, Eli M. Edward Elgar 2019 &nbsp; Media and&hellip;<\/p>\n<p class=\"more-link\"><a href=\"http:\/\/www.citicolumbia.org\/index.php\/publications\/books\/\" class=\"themebutton2\">Read More<\/a><\/p>\n","protected":false},"author":1,"featured_media":0,"parent":72,"menu_order":1,"comment_status":"closed","ping_status":"closed","template":"","meta":[],"_links":{"self":[{"href":"http:\/\/www.citicolumbia.org\/index.php\/wp-json\/wp\/v2\/pages\/74"}],"collection":[{"href":"http:\/\/www.citicolumbia.org\/index.php\/wp-json\/wp\/v2\/pages"}],"about":[{"href":"http:\/\/www.citicolumbia.org\/index.php\/wp-json\/wp\/v2\/types\/page"}],"author":[{"embeddable":true,"href":"http:\/\/www.citicolumbia.org\/index.php\/wp-json\/wp\/v2\/users\/1"}],"replies":[{"embeddable":true,"href":"http:\/\/www.citicolumbia.org\/index.php\/wp-json\/wp\/v2\/comments?post=74"}],"version-history":[{"count":36,"href":"http:\/\/www.citicolumbia.org\/index.php\/wp-json\/wp\/v2\/pages\/74\/revisions"}],"predecessor-version":[{"id":1123,"href":"http:\/\/www.citicolumbia.org\/index.php\/wp-json\/wp\/v2\/pages\/74\/revisions\/1123"}],"up":[{"embeddable":true,"href":"http:\/\/www.citicolumbia.org\/index.php\/wp-json\/wp\/v2\/pages\/72"}],"wp:attachment":[{"href":"http:\/\/www.citicolumbia.org\/index.php\/wp-json\/wp\/v2\/media?parent=74"}],"curies":[{"name":"wp","href":"https:\/\/api.w.org\/{rel}","templated":true}]}}