{"id":36,"date":"2016-10-10T18:20:19","date_gmt":"2016-10-10T18:20:19","guid":{"rendered":"http:\/\/www.citicolumbia.org\/?page_id=36"},"modified":"2016-10-10T18:20:45","modified_gmt":"2016-10-10T18:20:45","slug":"forthcoming-articles","status":"publish","type":"page","link":"http:\/\/www.citicolumbia.org\/index.php\/research\/forthcoming-articles\/","title":{"rendered":"Forthcoming Articles"},"content":{"rendered":"<h2>Forthcoming<\/h2>\n<p>&nbsp;<\/p>\n<ul>\n<li>Alleman, James. &#8220;Forecasting Video Cord-Cutting: The Bypass of Traditional Pay Television&#8221; (with Aniruddha Banerjee and Paul N. Rappoport) in\u00a0<i>Demand for Communications Services &#8211; Insights and Perspectives: Essays in Honor fo Lester D. Taylor<\/i>, Springer Verlag. James Alleman, Aine Ni-Shuilleabhain and Paul Rappoport, eds. A volume in\u00a0<i>The Economics of Information, Communication, and Entertainment: The Impacts of Digital Technology in the 21st Century<\/i>\u00a0Series, ed. Darcy Gerbarg.<\/li>\n<li>Alleman, James. &#8220;Colncluding Remarks.&#8221; (co-authored with Aine Ni-Shuilleabhain and Paul Rappoport) in\u00a0<i>Demand for Communications Services &#8211; Insights and Perspectives: Essays in Honor fo Lester D. Taylor<\/i>, Springer Verlag. James Alleman, Aine Ni-Shuilleabhain and Paul Rappoport, eds. A volume in\u00a0<i>The Economics of Information, Communication, and Entertainment: The Impacts of Digital Technology in the 21st Century<\/i>\u00a0Series, ed. Darcy Gerbarg.<\/li>\n<li>Alleman, James. &#8220;Overview: The Future of Telecommunications, Media, and Technology.&#8221; (co-authored with Aine Ni-Shuilleabhain and Paul Rappoport) in\u00a0<i>Demand for Communications Services &#8211; Insights and Perspectives: Essays in Honor fo Lester D. Taylor<\/i>, Springer Verlag. James Alleman, Aine Ni-Shuilleabhain and Paul Rappoport, eds. A volume in\u00a0<i>The Economics of Information, Communication, and Entertainment: The Impacts of Digital Technology in the 21st Century<\/i>\u00a0Series, ed. Darcy Gerbarg.<\/li>\n<li>Atkinson, Bob and Ivy Schultz.\u00a0<i>Broadband in America, 3rd ed.<\/i><\/li>\n<li>Noam, Eli. &#8220;Broadband Convergence in Japan,&#8221;\u00a0<i>Journal of the Society for Information and Communications Research<\/i>.<\/li>\n<li>Noam, Eli. &#8220;L&#8217;avenir de al television &#8211; La quatrieme generation: &#8216;Cloud-TV&#8217;, le nuage des nuages.&#8221; Chapter in\u00a0<i>Le futur est-il e-media?<\/i>\u00a0by Patrick Badillo adn Dominique Roux.<\/li>\n<li>Noam, Eli. &#8220;The Diversity of Speed,&#8221; in\u00a0<i>Journal of Information Policy<\/i>.<\/li>\n<li>Noam, Eli. &#8220;Toward the Next Generation of Media &#8211; Cloud TV: Markets and Policy,&#8221;\u00a0<i>Telecommunications Policy<\/i>.<\/li>\n<li>Noam, Eli. &#8220;Why MOOCs are Bad for Education.&#8221; Bar Ilan University Forum on Technology and Education Proceedings<\/li>\n<li>Noam, Eli. &#8220;Why the World Needs Quality Standards for International Comparisons,&#8221;\u00a0<i>Journal of the Society for Information and Communications Research<\/i>.<\/li>\n<li>Noam, Eli. &#8220;Trends, Factors, and Models for Media Concentration,&#8221; in\u00a0<i>International Media Ownership and Concentration<\/i>, Eli Noam. New York: Oxford University Press.<\/li>\n<li>Mastrini, Guillermo, Ana Bizberge, and Martin Becerra.\u00a0<a href=\"http:\/\/www.citicolumbia.org\/forums\/index.php?app=core&amp;module=attach&amp;section=attach&amp;attach_id=1\">&#8220;Media Ownership and Concentration in Argentina&#8221;<\/a>, to be published in\u00a0<i>Who Owns The World&#8217;s Media?<\/i>\u00a0(2014).<\/li>\n<li>Papandrea, Franco and Rodney Tiffen.\u00a0<a href=\"http:\/\/www.citicolumbia.org\/forums\/index.php?app=core&amp;module=attach&amp;section=attach&amp;attach_id=27\">&#8220;Media Ownership and Concentration in Australia&#8221;<\/a>, to be published in\u00a0<i>Who Owns The World&#8217;s Media?<\/i>\u00a0(2014).<\/li>\n<li>Valcke, Peggy, Jo Groebel, and Moritz Bittner.\u00a0<a href=\"http:\/\/www.citicolumbia.org\/forums\/index.php?app=core&amp;module=attach&amp;section=attach&amp;attach_id=4\">&#8220;Media Ownership and Concentration in Belgium&#8221;<\/a>, to be published in\u00a0<i>Who Owns The World&#8217;s Media?<\/i>\u00a0(2014).<\/li>\n<li>Moreira, Sonia Virginia.\u00a0<a>Media Ownership and Concentration in Brazil<\/a>, to be published in\u00a0<i>Who Owns The World&#8217;s Media?<\/i>\u00a0(2014).<\/li>\n<li>Winseck, Dwayne.\u00a0<a>Media Ownership and Concentration in Canada<\/a>, to be published in\u00a0<i>Who Owns The World&#8217;s Media?<\/i>\u00a0(2014).<\/li>\n<li>Hang, Min.\u00a0<a href=\"http:\/\/www.citicolumbia.org\/forums\/index.php?app=core&amp;module=attach&amp;section=attach&amp;attach_id=29\">&#8220;Media Ownership and Concentration in China&#8221;<\/a>, to be published in\u00a0<i>Who Owns The World&#8217;s Media?<\/i>\u00a0(2014).<\/li>\n<li>Rizk, Nagla.\u00a0<a href=\"http:\/\/www.citicolumbia.org\/forums\/index.php?app=core&amp;module=attach&amp;section=attach&amp;attach_id=5\">&#8220;Media Ownership and Concentration in Egypt&#8221;<\/a>, to be published in\u00a0<i>Who Owns The World&#8217;s Media?<\/i>\u00a0(2014).<\/li>\n<li>Badillo, Patick-Yves, Dominique Bourgeois, and Jean-Baptiste Lesourd.\u00a0<a href=\"http:\/\/www.citicolumbia.org\/forums\/index.php?app=core&amp;module=attach&amp;section=attach&amp;attach_id=30\">&#8220;Media Ownership and Concentration in Europe&#8221;<\/a>, to be published in\u00a0<i>Who Owns The World&#8217;s Media?<\/i>\u00a0(2014).<\/li>\n<li>Gronlund, Mikko.\u00a0<a href=\"http:\/\/www.citicolumbia.org\/forums\/index.php?app=core&amp;module=attach&amp;section=attach&amp;attach_id=6\">&#8220;Media Ownership and Concentration in Finland&#8221;<\/a>, to be published in\u00a0<i>Who Owns The World&#8217;s Media?<\/i>\u00a0(2014).<\/li>\n<li>Badillo, Patrick-Yves, Dominique Bourgeois, and Jean-Baptiste Lesourd<a href=\"http:\/\/www.citicolumbia.org\/forums\/index.php?app=core&amp;module=attach&amp;section=attach&amp;attach_id=7\">&#8220;Media Ownership and Concentration in France&#8221;<\/a>, to be published in\u00a0<i>Who Owns The World&#8217;s Media?<\/i>\u00a0(2014).<\/li>\n<li>Bosch, Julia, Max-Josef Meier, Philipp Rosch-Schlanderer, and Achim Ekkehard Henning Wolf<a href=\"http:\/\/www.citicolumbia.org\/forums\/index.php?app=core&amp;module=attach&amp;section=attach&amp;attach_id=26\">&#8220;Media Ownership and Concentration in Germany&#8221;<\/a>, to be published in\u00a0<i>Who Owns The World&#8217;s Media?<\/i>\u00a0(2014).<\/li>\n<li>Bhattacharjee, Anuradha, Liwei Wang, Tapasya Banerjee, and Anushi Agrawal.\u00a0<a href=\"http:\/\/www.citicolumbia.org\/forums\/index.php?app=core&amp;module=attach&amp;section=attach&amp;attach_id=8\">&#8220;Media Ownership and Concentration in India&#8221;<\/a>, to be published in\u00a0<i>Who Owns The World&#8217;s Media?<\/i>\u00a0(2014).<\/li>\n<li>Flynn, Roddy and Paschal Preston.\u00a0<a href=\"http:\/\/www.citicolumbia.org\/forums\/index.php?app=core&amp;module=attach&amp;section=attach&amp;attach_id=9\">&#8220;Media Ownership and Concentration in Ireland&#8221;<\/a>, to be published in\u00a0<i>Who Owns The World&#8217;s Media?<\/i>\u00a0(2014).<\/li>\n<li>Schejter, Amit M. and Moran Yemini.\u00a0<a href=\"http:\/\/www.citicolumbia.org\/forums\/index.php?app=core&amp;module=attach&amp;section=attach&amp;attach_id=10\">&#8220;Media Ownership and Concentration in Israel&#8221;<\/a>, to be published in\u00a0<i>Who Owns The World&#8217;s Media?<\/i>\u00a0(2014).<\/li>\n<li>Richeri, Prof. Giuseppe and Dr. Benedetta Prario.\u00a0<a href=\"http:\/\/www.citicolumbia.org\/forums\/index.php?app=core&amp;module=attach&amp;section=attach&amp;attach_id=11\">&#8220;Media Ownership and Concentration in Italy&#8221;<\/a>, to be published in\u00a0<i>Who Owns The World&#8217;s Media?<\/i>\u00a0(2014).<\/li>\n<li>Wong, Juan Enrique Huerta and Rodrigo Gomez Garcia.\u00a0<a href=\"http:\/\/www.citicolumbia.org\/forums\/index.php?app=core&amp;module=attach&amp;section=attach&amp;attach_id=13\">&#8220;Media Ownership and Concentration in Mexico&#8221;<\/a>, to be published in\u00a0<i>Who Owns The World&#8217;s Media?<\/i>\u00a0(2014).<\/li>\n<li>van Dreunen, Joost.\u00a0<a href=\"http:\/\/www.citicolumbia.org\/forums\/index.php?app=core&amp;module=attach&amp;section=attach&amp;attach_id=14\">&#8220;Media Ownership and Concentration in the Netherlands&#8221;<\/a>, to be published in\u00a0<i>Who Owns The World&#8217;s Media?<\/i>\u00a0(2014).<\/li>\n<li>Faustino, Paulo.\u00a0<a href=\"http:\/\/www.citicolumbia.org\/forums\/index.php?app=core&amp;module=attach&amp;section=attach&amp;attach_id=15\">&#8220;Media Ownership and Concentration in Portugal&#8221;<\/a>, to be published in\u00a0<i>Who Owns The World&#8217;s Media?<\/i>\u00a0(2014).<\/li>\n<li>Vartanova, Prof. Elena.\u00a0<a href=\"http:\/\/www.citicolumbia.org\/forums\/index.php?app=core&amp;module=attach&amp;section=attach&amp;attach_id=16\">&#8220;Media Ownership and Concentration in Russia&#8221;<\/a>, to be published in\u00a0<i>Who Owns The World&#8217;s Media?<\/i>\u00a0(2014).<\/li>\n<li>Angelopulo, George and Petrus H. Potgieter.\u00a0<a href=\"http:\/\/www.citicolumbia.org\/forums\/index.php?app=core&amp;module=attach&amp;section=attach&amp;attach_id=17\">&#8220;Media Ownership and Concentration in South Africa&#8221;<\/a>, to be published in\u00a0<i>Who Owns The World&#8217;s Media?<\/i>\u00a0(2014).<\/li>\n<li>Kim, Daeho and Seongcheol Kim.\u00a0<a href=\"http:\/\/www.citicolumbia.org\/forums\/index.php?app=core&amp;module=attach&amp;section=attach&amp;attach_id=12\">&#8220;Media Ownership and Concentration in South Korea&#8221;<\/a>, to be published in\u00a0<i>Who Owns The World&#8217;s Media?<\/i>\u00a0(2014).<\/li>\n<li>Artero, Juan P. and Alfonso Sanchez-Tabernero.\u00a0<a href=\"http:\/\/www.citicolumbia.org\/forums\/index.php?app=core&amp;module=attach&amp;section=attach&amp;attach_id=18\">&#8220;Media Ownership and Concentration in Spain&#8221;<\/a>, to be published in\u00a0<i>Who Owns The World&#8217;s Media?<\/i>\u00a0(2014).<\/li>\n<li>Picard, Robert G., Mart Ots, and Madison Forsander.\u00a0<a href=\"http:\/\/www.citicolumbia.org\/forums\/index.php?app=core&amp;module=attach&amp;section=attach&amp;attach_id=19\">&#8220;Media Ownership and Concentration in Sweden&#8221;<\/a>, to be published in\u00a0<i>Who Owns The World&#8217;s Media?<\/i>\u00a0(2014).<\/li>\n<li>Badillo, Patrick-Yves and Dominique Bourgeois.\u00a0<a href=\"http:\/\/www.citicolumbia.org\/forums\/index.php?app=core&amp;module=attach&amp;section=attach&amp;attach_id=20\">&#8220;Media Ownership and Concentration in Switzerland&#8221;<\/a>, to be published in\u00a0<i>Who Owns The World&#8217;s Media?<\/i>\u00a0(2014).<\/li>\n<li>Liu, Yu-li, Yuntsai Chou, Kuo-feng Tseng, Ru-Shou Robert Chen, Yi-hsuan Chiang, Ping-Hung Chen, and Chun-Fa Chuang.\u00a0<a href=\"http:\/\/www.citicolumbia.org\/forums\/index.php?app=core&amp;module=attach&amp;section=attach&amp;attach_id=21\">&#8220;Media Ownership and Concentration in Taiwan&#8221;<\/a>, to be published in\u00a0<i>Who Owns The World&#8217;s Media?<\/i>\u00a0(2014).<\/li>\n<li>Bayazit, Huseyin Kemal.\u00a0<a href=\"http:\/\/www.citicolumbia.org\/forums\/index.php?app=core&amp;module=attach&amp;section=attach&amp;attach_id=22\">&#8220;Media Ownership and Concentration in Turkey&#8221;<\/a>, to be published in\u00a0<i>Who Owns The World&#8217;s Media?<\/i>\u00a0(2014).<\/li>\n<li>Iosifidis, Petros.\u00a0<a href=\"http:\/\/www.citicolumbia.org\/forums\/index.php?app=core&amp;module=attach&amp;section=attach&amp;attach_id=23\">&#8220;Media Ownership and Concentration in the United Kingdom&#8221;<\/a>, to be published in\u00a0<i>Who Owns The World&#8217;s Media?<\/i>\u00a0(2014).<\/li>\n<li>Noam, Eli. &#8220;Media Concentration in the United States of America,&#8221; in\u00a0<i>International Media Ownership and Concentration<\/i>. Eli NOam. New York: Oxford University Press.<\/li>\n<li>Noam, Eli. &#8220;Prologue I: Research Demands on Research,&#8221;in Demand for Communications Services &#8211; Insights and Perspectives: Essays in Honor of Lester D. Taylor, Springer Verlag. (Co-editors: Aine Ni-Shuilleabhain and Paul Rappoport) A volume in The Economics of Information, Communication and Entertainment: The Impacts of Digital Technology in the 21st Century Series, editor, Darcy Gerbarg.<\/li>\n<li>Noam, Eli. The Role of Internet Video and Media in Emerging Economies<\/li>\n<li>Gilwald, Alison and Indra de Lanergolle. Innovations in Technology: Benefits to be Realized in Africa by the Properly Managed Albeit Inherently Disruptive, Deployment of Next Gen Broadband<\/li>\n<li>Kelly, Tim. The Current Status of broadband and importance of Next Gen Broadband in Africa as an engine for Economic Growth<\/li>\n<li>Akoh, Ben. The Cost of Deploying A Successful Video Broadband Business in Africa and the Cost of Not Deploying: Domestic and Transborder Implications and Applications<\/li>\n<li>Nzepa, Olivier Nana. Implications of Broadband video on national and international media systems, including growth of local content<\/li>\n<li>Arendse, Brian. The Business Case for Broadband Video in South Africa<\/li>\n<li>Phelps, Martin. Technology Trends to Connect Africa.<\/li>\n<li>Katz, Raul. Why The Time is Now to Adopt Policies to Deploy Video Broadband in Sub Saharan Africa: Examples of International policy and deployment best practices outside of and inside of Africa<\/li>\n<li>Hudson, Heather. Information Technologies for Rural Development in Africa: New Paradigms from Radio to Broadband<\/li>\n<li>Katz, Raul and Pantelis Koutroumpis. Assessing the economic impact of telecommunications under fast deployment conditions: the case of Senegal.<\/li>\n<li>Cook, Melissa. Attracting Investment: How to Compete for Domestic and Foreign and Direct Investment in an Increasingly Competitive Funding Environment<\/li>\n<li>Taylor, Lester D. Regression with a Two-Dimensional Dependent Variable<\/li>\n<li>Cogger, Kenneth O. Piecewise Linear<\/li>\n<li>Crandall, Robert W. &#8220;Over the Top&#8221;: Has Technological Change Radically Altered the Prospects for Traditional Media?<\/li>\n<li>Banerjee, Aniruddha, Paul Rappoport and James Alleman. Forecasting Video Cord-Cutting: The Bypass of Traditional Pay Television<\/li>\n<li>Beard, T. Randolph, Gary Madden and Md. Shah Azam. Blended Traditional and Virtual Seller Market Entry and Performance<\/li>\n<li>Rohman, Ibrahim Kholilul and Erik Bohlin. How Important is the Media and Content Sector to the European Economy?<\/li>\n<li>Gar\u00edn-Mu\u00f1oz, Teresa and Teodosio P\u00e9rez-Amaral. Product Differences and E-Purchasing: An Empirical Study in Spain<\/li>\n<li>Hamoudia, Mohsen. Forecasting the Demand for Business Communications Services<\/li>\n<li>Kridel, Donald J. Residential Demand for Wireless Telephony<\/li>\n<li>Levy, Daniel S.and Timothy J. Tardiff. Pricing and Maximizing Profits Within Corporations<\/li>\n<li>Blattenberger Gail, and Richard Fowles. Avalanche Forecasting: Using Bayesian Additive Regression Trees (BART)<\/li>\n<li>Egan, Bruce. Universal Rural Broadband: Economics and Policy<\/li>\n<li>Savage, Scott J. and Donald M. Waldman. Who Values the Media?<\/li>\n<li>Williamson, R. Bruce. A Systems Estimation Approach to Cost, Schedule, and Quantity Outcomes<\/li>\n<li>Taylor, Lester D. Fifty Years of Studying Economics<\/li>\n<\/ul>\n","protected":false},"excerpt":{"rendered":"<p>Forthcoming &nbsp; Alleman, James. &#8220;Forecasting Video Cord-Cutting: The Bypass of Traditional Pay Television&#8221; (with Aniruddha Banerjee and Paul N. Rappoport) in\u00a0Demand for Communications Services &#8211; Insights and Perspectives: Essays in Honor fo Lester D. Taylor, Springer Verlag. James Alleman, Aine Ni-Shuilleabhain and Paul Rappoport, eds. A volume in\u00a0The Economics of Information, Communication, and Entertainment: The&hellip;<\/p>\n<p class=\"more-link\"><a href=\"http:\/\/www.citicolumbia.org\/index.php\/research\/forthcoming-articles\/\" class=\"themebutton2\">Read More<\/a><\/p>\n","protected":false},"author":1,"featured_media":0,"parent":32,"menu_order":2,"comment_status":"closed","ping_status":"closed","template":"","meta":[],"_links":{"self":[{"href":"http:\/\/www.citicolumbia.org\/index.php\/wp-json\/wp\/v2\/pages\/36"}],"collection":[{"href":"http:\/\/www.citicolumbia.org\/index.php\/wp-json\/wp\/v2\/pages"}],"about":[{"href":"http:\/\/www.citicolumbia.org\/index.php\/wp-json\/wp\/v2\/types\/page"}],"author":[{"embeddable":true,"href":"http:\/\/www.citicolumbia.org\/index.php\/wp-json\/wp\/v2\/users\/1"}],"replies":[{"embeddable":true,"href":"http:\/\/www.citicolumbia.org\/index.php\/wp-json\/wp\/v2\/comments?post=36"}],"version-history":[{"count":2,"href":"http:\/\/www.citicolumbia.org\/index.php\/wp-json\/wp\/v2\/pages\/36\/revisions"}],"predecessor-version":[{"id":38,"href":"http:\/\/www.citicolumbia.org\/index.php\/wp-json\/wp\/v2\/pages\/36\/revisions\/38"}],"up":[{"embeddable":true,"href":"http:\/\/www.citicolumbia.org\/index.php\/wp-json\/wp\/v2\/pages\/32"}],"wp:attachment":[{"href":"http:\/\/www.citicolumbia.org\/index.php\/wp-json\/wp\/v2\/media?parent=36"}],"curies":[{"name":"wp","href":"https:\/\/api.w.org\/{rel}","templated":true}]}}