{"id":269,"date":"2016-10-24T19:08:17","date_gmt":"2016-10-24T19:08:17","guid":{"rendered":"http:\/\/www.citicolumbia.org\/?page_id=269"},"modified":"2020-09-28T14:06:34","modified_gmt":"2020-09-28T14:06:34","slug":"2014-papers","status":"publish","type":"page","link":"http:\/\/www.citicolumbia.org\/index.php\/publications\/published-papers\/2014-papers\/","title":{"rendered":"2014 Papers"},"content":{"rendered":"\n<p>Noam, Eli.&nbsp;\u201cL\u2019avenir de la t\u00e9l\u00e9vision\u2013 La quatri\u00e8me g\u00e9n\u00e9ration : \u00abcloud-TV\u00bb, le&nbsp;nuage des nuages.\u201d Chapter in&nbsp;<em>Le futur est-il e-media?<\/em>&nbsp;By Patrick Badillo and Dominique Roux, eds., (2014).<\/p>\n\n\n\n<p>Noam, Eli. \u201cCloud TV: Toward the next generation of network policy debates.\u201d&nbsp;<em>Telecommunications Policy,<\/em>&nbsp;September 2014.<\/p>\n\n\n\n<p>Noam, Eli. \u201cWhy MOOCs are Anti-Innovation.\u201d&nbsp;<em>Journal of Teaching in Academia<\/em>, 2014.<\/p>\n\n\n\n<p>Noam, Eli. \u201cMedia Entertainment as Development Strategy,\u201d in&nbsp;<em>Broadband as&nbsp;a Video Platform<\/em>. Judith O\u2019Neill &amp; Darcy Gerbarg, eds., Springer. 2014.&nbsp;<\/p>\n\n\n\n<p>Noam, Eli. \u201cNext-Generation Content for Next-Generation Networks,\u201d in William Dutton and Mark Graham, eds.,\u00a0<em>Society and the Internet: How Information and Social Networks are Changing our Lives.\u00a0<\/em>Oxford University Press, 2014.<\/p>\n\n\n\n<p>Katz, Raul. &#8220;Elementos para un programa electoral para el desarrollo de la digitalizaci\u00f3n en Argentina.&#8221;\u00a0<em>Fibra<\/em>, noviembre 2014.<\/p>\n","protected":false},"excerpt":{"rendered":"<p>Noam, Eli.&nbsp;\u201cL\u2019avenir de la t\u00e9l\u00e9vision\u2013 La quatri\u00e8me g\u00e9n\u00e9ration : \u00abcloud-TV\u00bb, le&nbsp;nuage des nuages.\u201d Chapter in&nbsp;Le futur est-il e-media?&nbsp;By Patrick Badillo and Dominique Roux, eds., (2014). Noam, Eli. \u201cCloud TV: Toward the next generation of network policy debates.\u201d&nbsp;Telecommunications Policy,&nbsp;September 2014. Noam, Eli. \u201cWhy MOOCs are Anti-Innovation.\u201d&nbsp;Journal of Teaching in Academia, 2014. Noam, Eli. \u201cMedia Entertainment as&hellip;<\/p>\n<p class=\"more-link\"><a href=\"http:\/\/www.citicolumbia.org\/index.php\/publications\/published-papers\/2014-papers\/\" class=\"themebutton2\">Read More<\/a><\/p>\n","protected":false},"author":1,"featured_media":0,"parent":78,"menu_order":0,"comment_status":"closed","ping_status":"closed","template":"","meta":[],"_links":{"self":[{"href":"http:\/\/www.citicolumbia.org\/index.php\/wp-json\/wp\/v2\/pages\/269"}],"collection":[{"href":"http:\/\/www.citicolumbia.org\/index.php\/wp-json\/wp\/v2\/pages"}],"about":[{"href":"http:\/\/www.citicolumbia.org\/index.php\/wp-json\/wp\/v2\/types\/page"}],"author":[{"embeddable":true,"href":"http:\/\/www.citicolumbia.org\/index.php\/wp-json\/wp\/v2\/users\/1"}],"replies":[{"embeddable":true,"href":"http:\/\/www.citicolumbia.org\/index.php\/wp-json\/wp\/v2\/comments?post=269"}],"version-history":[{"count":3,"href":"http:\/\/www.citicolumbia.org\/index.php\/wp-json\/wp\/v2\/pages\/269\/revisions"}],"predecessor-version":[{"id":813,"href":"http:\/\/www.citicolumbia.org\/index.php\/wp-json\/wp\/v2\/pages\/269\/revisions\/813"}],"up":[{"embeddable":true,"href":"http:\/\/www.citicolumbia.org\/index.php\/wp-json\/wp\/v2\/pages\/78"}],"wp:attachment":[{"href":"http:\/\/www.citicolumbia.org\/index.php\/wp-json\/wp\/v2\/media?parent=269"}],"curies":[{"name":"wp","href":"https:\/\/api.w.org\/{rel}","templated":true}]}}