{"id":171,"date":"2016-10-10T20:38:32","date_gmt":"2016-10-10T20:38:32","guid":{"rendered":"http:\/\/www.citicolumbia.org\/?page_id=171"},"modified":"2020-09-18T20:29:17","modified_gmt":"2020-09-18T20:29:17","slug":"visiting-scholars","status":"publish","type":"page","link":"http:\/\/www.citicolumbia.org\/index.php\/people\/visiting-scholars\/","title":{"rendered":"Visiting Scholars"},"content":{"rendered":"<p><center>Visiting Scholars<\/center>Over the past decade, the Institute has hosted numerous international researchers, professors, and governmental officials who come to CITI for a period of study and research. Generally, Visiting Scholars pursue their own research, writing, and thinking. An example is C.K. Kim, Ministry of Telecommunications, Republic of Korea (1994-1995). C.K. became the Vice Minister of Communications for South Korea, the senior civil service position in a country that has become a world leader in broadband internet.<\/p>\n<p><center>Apply for CITI Visiting Scholar Program<\/center>Scholars and other researchers who are interested in participating as a visiting scholar at CITI should begin the process by sending a letter to\u00a0<a href=\"mailto:noam@columbia.edu\">Eli Noam<\/a>\u00a0with a short description of the research they are purposing to do, the time frame of when the research will take place, and other information about the candidate.<\/p>\n<p><center>Past Visiting Scholars<\/center><a href=\"https:\/\/www.professors.wi.tum.de\/strategy\/team\/alumni\/dr-simon-c-mueller\/\"><strong>Simon M\u00fcller<\/strong><\/a> Technical University of Munich<\/p>\n<p><strong><a href=\"http:\/\/www.catedras.fsoc.uba.ar\/mastrini\/cv\/ana.htm\">Ana Bizberge<\/a><\/strong>\u00a0Universidad de Buenos Aires<\/p>\n<p><strong><a href=\"http:\/\/www.citicolumbia.org\/citi\/people\/visiting\/neuman\">W. Russell Neuman<\/a><\/strong>\u00a0Professor University of Michigan Visiting Scholar<\/p>\n<p><strong>Sophie Ahrens<\/strong>\u00a0PhD Candidate, Ludwig-Maximilians-Universit\u00e4t M\u00fcnchen, Germany Visiting Researcher<\/p>\n<p><strong>Tomohiko Sugiura<\/strong>\u00a0Dentsu, Inc., Japan Visiting Scholar<\/p>\n<p><strong>Andres Hervas-Drane<\/strong>\u00a0Universitat Autonoma de Barcelona, Spain Post-Doctoral Fellow<\/p>\n<p><strong>Florian Mann<\/strong>\u00a0Ph.D Candidate, Ludwig-Maximilians-Universit\u00e4t M\u00fcnchen, Germany Visiting Researcher<\/p>\n<p><strong>Toshiya Jitsuzumi<\/strong>\u00a0Associate Professor, Economics &#8211; Kyushu University, Japan Visiting Scholar<\/p>\n<p><strong>Satoshi &#8220;Phil&#8221; Kono<\/strong>\u00a0Dentsu, Inc., Japan Visiting Scholar<\/p>\n<p><strong>Josep Maria Castellano<\/strong>\u00a0Ph.D. Candidate, Pompeu Fabra University, Spain Research Scholar<\/p>\n<p><strong>Antonin Arlandis<\/strong>\u00a0Ph.D. Candidate, University of Montpellier, France Research Scholar<\/p>\n<p><strong>Kazuya Yamaguchi\u00a0<\/strong>Mainichi, Japan Visiting Scholar<\/p>\n<p><strong><a href=\"http:\/\/www.citicolumbia.org\/citi\/people\/visiting\/kim\">Daeho Kim<\/a><\/strong>\u00a0Professor, Inha University, South Korea Visiting Scholar<\/p>\n<p><strong><a href=\"http:\/\/www.citicolumbia.org\/citi\/people\/visiting\/cho\">YongKil Cho<\/a><\/strong>\u00a0Associate Professor of Policy Studies, Sakushin Gakuin University, Japan Visiting Scholar<\/p>\n<p><strong><a href=\"http:\/\/www.citicolumbia.org\/citi\/people\/visiting\/nakamura\">Kiyoshi Nakamura<\/a><\/strong>\u00a0Professor of Media Economics, School of International Liberal Studies Waseda University, Tokyo Japan Adjunct Senior Research Scholar<\/p>\n<p><strong><a href=\"http:\/\/www.citicolumbia.org\/citi\/people\/visiting\/madden\">Gary Madden<\/a><\/strong>\u00a0Professor of Economics, Director of the Communication Economics and Electronic Markets Research Centre Visting Scholar<\/p>\n<p><strong><a href=\"http:\/\/chogendorn.web.wesleyan.edu\/\">Christiaan Hogendorn<\/a><\/strong>\u00a0Prof. of Economics, Wesleyan University Sloan Foundation Fellow<\/p>\n<p><strong><a href=\"http:\/\/www.citicolumbia.org\/citi\/people\/visiting\/heather_hudson\">Heather Hudson\u00a0<\/a><\/strong>, University of San Francisco, Sloan Fellow<\/p>\n<p><a href=\"http:\/\/www.citicolumbia.org\/citi\/people\/visiting\/alleman\"><strong>James Alleman\u00a0<\/strong><\/a>, University of Colorado<\/p>\n<p><a href=\"http:\/\/www.citicolumbia.org\/citi\/people\/visiting\/kaigo\"><strong>Muneo Kaigo\u00a0<\/strong><\/a>, University of Tsukuba<\/p>\n<p><strong><a href=\"http:\/\/www.citicolumbia.org\/citi\/people\/visiting\/liebenau\">Jonathan Liebenau\u00a0<\/a><\/strong>, London School of Economics<\/p>\n<p><strong>Rajni Gupta<\/strong><\/p>\n<p><strong>Valerie Feldmann<\/strong>, Free University, Berlin &amp; Ph.D. Fellow<\/p>\n<p><strong>Naoto Yokota<\/strong>, Ministry of Posts and Telecommunications<\/p>\n<p><strong>Shinji Watanabe<\/strong>, Ministry of Posts and Telecommunications<\/p>\n<p><strong>Tracy Cohen<\/strong>, University of the Witwatersrand &amp; Ph.D. Fellow<\/p>\n<p><strong>Mikako Kii<\/strong>, Ochanomizu University<\/p>\n<p><strong>Reza Tadayoni<\/strong>, Technical University of Denmark<\/p>\n<p><strong>Harumasa Sato<\/strong>, Konan University<\/p>\n<p><strong>Sachiko Tamura<\/strong>, Kyushu Sangyo University<\/p>\n<p><strong>Kimihiko Oku<\/strong>, vMinistry of Posts and Telecommunications<\/p>\n<p><strong>Mark Robichaux<\/strong>, The Wall Street Journal<\/p>\n<p><strong>Dante Mancini<\/strong>, Scuola Superiore G. Reiss Romoli<\/p>\n<p><strong>Young Chul Kang<\/strong>, DACOM Corporation<\/p>\n<p><strong>Valentina Grippo<\/strong>, University La Sapienza<\/p>\n<p><strong>Koichiro Hayashi<\/strong>, NTT and Keio University<\/p>\n<p><strong>Choon Shik Kim<\/strong>, Korea Telecom<\/p>\n<p><strong>Hitoshi Sakurai<\/strong>, Ministry of Posts and Telecommunications<\/p>\n<p><strong>Etsuko Nakanishi<\/strong>, Ministry of Posts and Telecommunications<\/p>\n<p><strong>Valeriu Trutescu-Petrulian<\/strong>, Universite de Paris Dauphine<\/p>\n<p><strong>Jerome Wagner<\/strong>, L&#8217;Ecole Nationale Sup\u00e9rieure des T\u00e9l\u00e9communications<\/p>\n<p><strong>Dagmar Sascheck<\/strong>, University of Cologne<\/p>\n<p><strong>Francesco De Domenico<\/strong>, Universita Di Roma<\/p>\n<p><strong>Juro Urayama<\/strong>, Reitaku University<\/p>\n<p><strong>Elmar Wach<\/strong>, Technical University of Munich<\/p>\n<p><strong>C.K. Kim<\/strong>, Ministry of Telecommunications, Republic of Korea<\/p>\n<p><strong>Chang-Ho Yoon<\/strong>, Korea University<\/p>\n","protected":false},"excerpt":{"rendered":"<p>Visiting ScholarsOver the past decade, the Institute has hosted numerous international researchers, professors, and governmental officials who come to CITI for a period of study and research. Generally, Visiting Scholars pursue their own research, writing, and thinking. An example is C.K. Kim, Ministry of Telecommunications, Republic of Korea (1994-1995). C.K. became the Vice Minister of&hellip;<\/p>\n<p class=\"more-link\"><a href=\"http:\/\/www.citicolumbia.org\/index.php\/people\/visiting-scholars\/\" class=\"themebutton2\">Read More<\/a><\/p>\n","protected":false},"author":1,"featured_media":0,"parent":154,"menu_order":6,"comment_status":"closed","ping_status":"closed","template":"","meta":[],"_links":{"self":[{"href":"http:\/\/www.citicolumbia.org\/index.php\/wp-json\/wp\/v2\/pages\/171"}],"collection":[{"href":"http:\/\/www.citicolumbia.org\/index.php\/wp-json\/wp\/v2\/pages"}],"about":[{"href":"http:\/\/www.citicolumbia.org\/index.php\/wp-json\/wp\/v2\/types\/page"}],"author":[{"embeddable":true,"href":"http:\/\/www.citicolumbia.org\/index.php\/wp-json\/wp\/v2\/users\/1"}],"replies":[{"embeddable":true,"href":"http:\/\/www.citicolumbia.org\/index.php\/wp-json\/wp\/v2\/comments?post=171"}],"version-history":[{"count":2,"href":"http:\/\/www.citicolumbia.org\/index.php\/wp-json\/wp\/v2\/pages\/171\/revisions"}],"predecessor-version":[{"id":800,"href":"http:\/\/www.citicolumbia.org\/index.php\/wp-json\/wp\/v2\/pages\/171\/revisions\/800"}],"up":[{"embeddable":true,"href":"http:\/\/www.citicolumbia.org\/index.php\/wp-json\/wp\/v2\/pages\/154"}],"wp:attachment":[{"href":"http:\/\/www.citicolumbia.org\/index.php\/wp-json\/wp\/v2\/media?parent=171"}],"curies":[{"name":"wp","href":"https:\/\/api.w.org\/{rel}","templated":true}]}}